{"id":2598,"date":"2024-08-14T19:36:21","date_gmt":"2024-08-14T19:36:21","guid":{"rendered":"https:\/\/new.payproglobal.com\/?page_id=2598"},"modified":"2024-12-17T10:03:02","modified_gmt":"2024-12-17T10:03:02","slug":"protecao-de-dados-do-usuario","status":"publish","type":"page","link":"https:\/\/payproglobal.com\/pt\/protecao-de-dados-do-usuario\/","title":{"rendered":"Prote\u00e7\u00e3o de Dados do Usu\u00e1rio"},"content":{"rendered":"","protected":false},"excerpt":{"rendered":"","protected":false},"author":10,"featured_media":0,"parent":0,"menu_order":0,"comment_status":"closed","ping_status":"closed","template":"templates\/template-user-data-protection.php","meta":{"_acf_changed":false,"content-type":"","footnotes":""},"class_list":["post-2598","page","type-page","status-publish","hentry"],"acf":[],"_links":{"self":[{"href":"https:\/\/payproglobal.com\/pt\/wp-json\/wp\/v2\/pages\/2598","targetHints":{"allow":["GET"]}}],"collection":[{"href":"https:\/\/payproglobal.com\/pt\/wp-json\/wp\/v2\/pages"}],"about":[{"href":"https:\/\/payproglobal.com\/pt\/wp-json\/wp\/v2\/types\/page"}],"author":[{"embeddable":true,"href":"https:\/\/payproglobal.com\/pt\/wp-json\/wp\/v2\/users\/10"}],"replies":[{"embeddable":true,"href":"https:\/\/payproglobal.com\/pt\/wp-json\/wp\/v2\/comments?post=2598"}],"version-history":[{"count":13,"href":"https:\/\/payproglobal.com\/pt\/wp-json\/wp\/v2\/pages\/2598\/revisions"}],"predecessor-version":[{"id":7601,"href":"https:\/\/payproglobal.com\/pt\/wp-json\/wp\/v2\/pages\/2598\/revisions\/7601"}],"wp:attachment":[{"href":"https:\/\/payproglobal.com\/pt\/wp-json\/wp\/v2\/media?parent=2598"}],"curies":[{"name":"wp","href":"https:\/\/api.w.org\/{rel}","templated":true}]}}